{"id":367,"date":"2024-11-12T16:47:40","date_gmt":"2024-11-12T16:47:40","guid":{"rendered":"https:\/\/praxis-kathrinhaas.de\/?page_id=367"},"modified":"2026-01-15T11:02:27","modified_gmt":"2026-01-15T11:02:27","slug":"ihr-kontakt-zu-uns","status":"publish","type":"page","link":"https:\/\/praxis-kathrinhaas.de\/index.php\/ihr-kontakt-zu-uns\/","title":{"rendered":"Ihr Kontakt zu uns"},"content":{"rendered":"<p><strong>Hier finden Sie unsere Praxis:<\/strong><\/p>\n<p><strong>Hebbelstr. 2, 3. OG, 66538 Neunkirchen (Im Geb\u00e4ude mit der Pasteur Apotheke im Erdgeschoss)<\/strong><\/p>\n<p><strong>Google Maps: <a href=\"https:\/\/maps.app.goo.gl\/h7vkBEwr81tkmH1i8\">Praxis Kathrin Haas<\/a><\/strong><\/p>\n<p><strong>Telefon: 06821 26616<\/strong><\/p>\n<p><strong>Telefax: 06821 26600<\/strong><\/p>\n<p><strong>E-Mail: <\/strong><a href=\"mailto:info@praxis-kathrinhaas.de\"><strong>info@praxis-kathrinhaas.de<\/strong><\/a><\/p>\n<p><strong>Datenschutzhinweis: Mit dem bet\u00e4tigen des Absenden-Buttons werden die eingegebenen Daten an unseren E-Mail Account \u00fcbermittelt und in unserem Backoffice verarbeitet. Eine \u00dcbermittelung an Dritte erfolgt nicht. <\/strong><\/p>\n<hr \/>\n<p><strong>Kontaktformular:<\/strong><\/p>\n<div class=\"everest-forms\"><div class=\"evf-container default\" id=\"evf-362\"><form id=\"evf-form-362\" class=\"everest-form\" data-formid=\"362\" data-ajax_submission=\"0\" data-keyboard_friendly_form=\"0\" data-form_state_type=\"\" method=\"post\" enctype=\"multipart\/form-data\" action=\"\/index.php\/wp-json\/wp\/v2\/pages\/367\"><div class=\"evf-field-container\"><input type=\"hidden\" id=\"_wpnonce362\" name=\"_wpnonce362\" value=\"d524943d40\" \/><input type=\"hidden\" name=\"_wp_http_referer\" value=\"\/index.php\/wp-json\/wp\/v2\/pages\/367\" \/><div class=\"evf-frontend-row\" data-row=\"row_1\" conditional_rules=\"[]\"><div class=\"evf-frontend-grid evf-grid-1\" data-grid=\"grid_1\"><div id=\"evf-362-field_hvvUcmFqw4-1-container\" class=\"evf-field evf-field-first-name form-row validate-required\" data-required-field-message=\"This field is required.\" data-field-id=\"hvvUcmFqw4-1\"><label class=\"evf-field-label\" for=\"evf-362-field_hvvUcmFqw4-1\"><span class=\"evf-label\">Vollst\u00e4ndiger Name<\/span> <abbr class=\"required\" title=\"Required\">*<\/abbr><\/label><input type=\"text\" id=\"evf-362-field_hvvUcmFqw4-1\" class=\"input-text\" name=\"everest_forms[form_fields][hvvUcmFqw4-1]\" required><div class=\"evf-field-description\">Bitte geben Sie Ihren Vor- und Zunamen ein<\/div><\/div><div id=\"evf-362-field_xL6viStGfI-2-container\" class=\"evf-field evf-field-date-time form-row validate-required\" data-required-field-message=\"This field is required.\" data-field-id=\"xL6viStGfI-2\"><label class=\"evf-field-label\" for=\"evf-362-field_xL6viStGfI-2\"><span class=\"evf-label\">Geburtsdatum<\/span> <abbr class=\"required\" title=\"Required\">*<\/abbr><\/label><div class=\"date-time-container\"><input type=\"text\" id=\"evf-362-field_xL6viStGfI-2\" class=\"date-dropdown-field input-text\" name=\"everest_forms[form_fields][xL6viStGfI-2]\" data-time-interval=\"15\" data-date-time=\"date\" data-mode=\"single\" data-locale=\"en\" data-date-format=\"d\/m\/Y\" required ><select value=\"13\" id=\"day-select-evf-362-field_xL6viStGfI-2\" ><option value=\"1\" >01<\/option><option value=\"2\" >02<\/option><option value=\"3\" >03<\/option><option value=\"4\" >04<\/option><option value=\"5\" >05<\/option><option value=\"6\" >06<\/option><option value=\"7\" >07<\/option><option value=\"8\" >08<\/option><option value=\"9\" >09<\/option><option value=\"10\" >10<\/option><option value=\"11\" >11<\/option><option value=\"12\" >12<\/option><option value=\"13\" selected>13<\/option><option value=\"14\" >14<\/option><option value=\"15\" >15<\/option><option value=\"16\" >16<\/option><option value=\"17\" >17<\/option><option value=\"18\" >18<\/option><option value=\"19\" >19<\/option><option value=\"20\" >20<\/option><option value=\"21\" >21<\/option><option value=\"22\" >22<\/option><option value=\"23\" >23<\/option><option value=\"24\" >24<\/option><option value=\"25\" >25<\/option><option value=\"26\" >26<\/option><option value=\"27\" >27<\/option><option value=\"28\" >28<\/option><option value=\"29\" >29<\/option><option value=\"30\" >30<\/option><option value=\"31\" >31<\/option><option value=\"32\" >32<\/option><\/select><select value=\"05\" id=\"month-select-evf-362-field_xL6viStGfI-2\" ><option value=\"1\" >01<\/option><option value=\"2\" >02<\/option><option value=\"3\" >03<\/option><option value=\"4\" >04<\/option><option value=\"5\" selected>05<\/option><option value=\"6\" >06<\/option><option value=\"7\" >07<\/option><option value=\"8\" >08<\/option><option value=\"9\" >09<\/option><option value=\"10\" >10<\/option><option value=\"11\" >11<\/option><option value=\"12\" >12<\/option><\/select><select value=\"2026\" id=\"year-select-evf-362-field_xL6viStGfI-2\" ><option value=\"2126\" >2126<\/option><option value=\"2125\" >2125<\/option><option value=\"2124\" >2124<\/option><option value=\"2123\" >2123<\/option><option value=\"2122\" >2122<\/option><option value=\"2121\" >2121<\/option><option value=\"2120\" >2120<\/option><option value=\"2119\" >2119<\/option><option value=\"2118\" >2118<\/option><option value=\"2117\" >2117<\/option><option value=\"2116\" >2116<\/option><option value=\"2115\" >2115<\/option><option value=\"2114\" >2114<\/option><option value=\"2113\" >2113<\/option><option value=\"2112\" >2112<\/option><option value=\"2111\" >2111<\/option><option value=\"2110\" >2110<\/option><option value=\"2109\" >2109<\/option><option value=\"2108\" >2108<\/option><option value=\"2107\" >2107<\/option><option value=\"2106\" >2106<\/option><option value=\"2105\" >2105<\/option><option value=\"2104\" >2104<\/option><option value=\"2103\" >2103<\/option><option value=\"2102\" >2102<\/option><option value=\"2101\" >2101<\/option><option value=\"2100\" >2100<\/option><option value=\"2099\" >2099<\/option><option value=\"2098\" >2098<\/option><option value=\"2097\" >2097<\/option><option value=\"2096\" >2096<\/option><option value=\"2095\" >2095<\/option><option value=\"2094\" >2094<\/option><option value=\"2093\" >2093<\/option><option value=\"2092\" >2092<\/option><option value=\"2091\" >2091<\/option><option value=\"2090\" >2090<\/option><option value=\"2089\" >2089<\/option><option value=\"2088\" >2088<\/option><option value=\"2087\" >2087<\/option><option value=\"2086\" >2086<\/option><option value=\"2085\" >2085<\/option><option value=\"2084\" >2084<\/option><option value=\"2083\" >2083<\/option><option value=\"2082\" >2082<\/option><option value=\"2081\" >2081<\/option><option value=\"2080\" >2080<\/option><option value=\"2079\" >2079<\/option><option value=\"2078\" >2078<\/option><option value=\"2077\" >2077<\/option><option value=\"2076\" >2076<\/option><option value=\"2075\" >2075<\/option><option value=\"2074\" >2074<\/option><option value=\"2073\" >2073<\/option><option value=\"2072\" >2072<\/option><option value=\"2071\" >2071<\/option><option value=\"2070\" >2070<\/option><option value=\"2069\" >2069<\/option><option value=\"2068\" >2068<\/option><option value=\"2067\" >2067<\/option><option value=\"2066\" >2066<\/option><option value=\"2065\" >2065<\/option><option value=\"2064\" >2064<\/option><option value=\"2063\" >2063<\/option><option value=\"2062\" >2062<\/option><option value=\"2061\" >2061<\/option><option value=\"2060\" >2060<\/option><option value=\"2059\" >2059<\/option><option value=\"2058\" >2058<\/option><option value=\"2057\" >2057<\/option><option value=\"2056\" >2056<\/option><option value=\"2055\" >2055<\/option><option value=\"2054\" >2054<\/option><option value=\"2053\" >2053<\/option><option value=\"2052\" >2052<\/option><option value=\"2051\" >2051<\/option><option value=\"2050\" >2050<\/option><option value=\"2049\" >2049<\/option><option value=\"2048\" >2048<\/option><option value=\"2047\" >2047<\/option><option value=\"2046\" >2046<\/option><option value=\"2045\" >2045<\/option><option value=\"2044\" >2044<\/option><option value=\"2043\" >2043<\/option><option value=\"2042\" >2042<\/option><option value=\"2041\" >2041<\/option><option value=\"2040\" >2040<\/option><option value=\"2039\" >2039<\/option><option value=\"2038\" >2038<\/option><option value=\"2037\" >2037<\/option><option value=\"2036\" >2036<\/option><option value=\"2035\" >2035<\/option><option value=\"2034\" >2034<\/option><option value=\"2033\" >2033<\/option><option value=\"2032\" >2032<\/option><option value=\"2031\" >2031<\/option><option value=\"2030\" >2030<\/option><option value=\"2029\" >2029<\/option><option value=\"2028\" >2028<\/option><option value=\"2027\" >2027<\/option><option value=\"2026\" selected>2026<\/option><option value=\"2025\" >2025<\/option><option value=\"2024\" >2024<\/option><option value=\"2023\" >2023<\/option><option value=\"2022\" >2022<\/option><option value=\"2021\" >2021<\/option><option value=\"2020\" >2020<\/option><option value=\"2019\" >2019<\/option><option value=\"2018\" >2018<\/option><option value=\"2017\" >2017<\/option><option value=\"2016\" >2016<\/option><option value=\"2015\" >2015<\/option><option value=\"2014\" >2014<\/option><option value=\"2013\" >2013<\/option><option value=\"2012\" >2012<\/option><option value=\"2011\" >2011<\/option><option value=\"2010\" >2010<\/option><option value=\"2009\" >2009<\/option><option value=\"2008\" >2008<\/option><option value=\"2007\" >2007<\/option><option value=\"2006\" >2006<\/option><option value=\"2005\" >2005<\/option><option value=\"2004\" >2004<\/option><option value=\"2003\" >2003<\/option><option value=\"2002\" >2002<\/option><option value=\"2001\" >2001<\/option><option value=\"2000\" >2000<\/option><option value=\"1999\" >1999<\/option><option value=\"1998\" >1998<\/option><option value=\"1997\" >1997<\/option><option value=\"1996\" >1996<\/option><option value=\"1995\" >1995<\/option><option value=\"1994\" >1994<\/option><option value=\"1993\" >1993<\/option><option value=\"1992\" >1992<\/option><option value=\"1991\" >1991<\/option><option value=\"1990\" >1990<\/option><option value=\"1989\" >1989<\/option><option value=\"1988\" >1988<\/option><option value=\"1987\" >1987<\/option><option value=\"1986\" >1986<\/option><option value=\"1985\" >1985<\/option><option value=\"1984\" >1984<\/option><option value=\"1983\" >1983<\/option><option value=\"1982\" >1982<\/option><option value=\"1981\" >1981<\/option><option value=\"1980\" >1980<\/option><option value=\"1979\" >1979<\/option><option value=\"1978\" >1978<\/option><option value=\"1977\" >1977<\/option><option value=\"1976\" >1976<\/option><option value=\"1975\" >1975<\/option><option value=\"1974\" >1974<\/option><option value=\"1973\" >1973<\/option><option value=\"1972\" >1972<\/option><option value=\"1971\" >1971<\/option><option value=\"1970\" >1970<\/option><option value=\"1969\" >1969<\/option><option value=\"1968\" >1968<\/option><option value=\"1967\" >1967<\/option><option value=\"1966\" >1966<\/option><option value=\"1965\" >1965<\/option><option value=\"1964\" >1964<\/option><option value=\"1963\" >1963<\/option><option value=\"1962\" >1962<\/option><option value=\"1961\" >1961<\/option><option value=\"1960\" >1960<\/option><option value=\"1959\" >1959<\/option><option value=\"1958\" >1958<\/option><option value=\"1957\" >1957<\/option><option value=\"1956\" >1956<\/option><option value=\"1955\" >1955<\/option><option value=\"1954\" >1954<\/option><option value=\"1953\" >1953<\/option><option value=\"1952\" >1952<\/option><option value=\"1951\" >1951<\/option><option value=\"1950\" >1950<\/option><option value=\"1949\" >1949<\/option><option value=\"1948\" >1948<\/option><option value=\"1947\" >1947<\/option><option value=\"1946\" >1946<\/option><option value=\"1945\" >1945<\/option><option value=\"1944\" >1944<\/option><option value=\"1943\" >1943<\/option><option value=\"1942\" >1942<\/option><option value=\"1941\" >1941<\/option><option value=\"1940\" >1940<\/option><option value=\"1939\" >1939<\/option><option value=\"1938\" >1938<\/option><option value=\"1937\" >1937<\/option><option value=\"1936\" >1936<\/option><option value=\"1935\" >1935<\/option><option value=\"1934\" >1934<\/option><option value=\"1933\" >1933<\/option><option value=\"1932\" >1932<\/option><option value=\"1931\" >1931<\/option><option value=\"1930\" >1930<\/option><option value=\"1929\" >1929<\/option><option value=\"1928\" >1928<\/option><option value=\"1927\" >1927<\/option><option value=\"1926\" >1926<\/option><\/select><\/div><div class=\"evf-field-description\">Bitte geben Sie Ihr Geburtsdatum ein<\/div><\/div><div id=\"evf-362-field_6jnCs9d4c3-3-container\" class=\"evf-field evf-field-radio form-row validate-required\" data-required-field-message=\"This field is required.\" data-field-id=\"6jnCs9d4c3-3\"><label class=\"evf-field-label\" for=\"evf-362-field_6jnCs9d4c3-3\"><span class=\"evf-label\">Geschlecht<\/span> <abbr class=\"required\" title=\"Required\">*<\/abbr><\/label><ul id=\"evf-362-field_6jnCs9d4c3-3\" class=\" evf-field-required\"><li class=\"choice-1 depth-1\"><input type=\"radio\" id=\"evf-362-field_6jnCs9d4c3-3_1\" class=\"input-text\" name=\"everest_forms[form_fields][6jnCs9d4c3-3]\" value=\"Weiblich\" required ><label class=\"everest-forms-field-label-inline\" for=\"evf-362-field_6jnCs9d4c3-3_1\">Weiblich<\/label><\/li><li class=\"choice-2 depth-1\"><input type=\"radio\" id=\"evf-362-field_6jnCs9d4c3-3_2\" class=\"input-text\" name=\"everest_forms[form_fields][6jnCs9d4c3-3]\" value=\"M\u00e4nnlich\" required ><label class=\"everest-forms-field-label-inline\" for=\"evf-362-field_6jnCs9d4c3-3_2\">M\u00e4nnlich<\/label><\/li><li class=\"choice-3 depth-1\"><input type=\"radio\" id=\"evf-362-field_6jnCs9d4c3-3_3\" class=\"input-text\" name=\"everest_forms[form_fields][6jnCs9d4c3-3]\" value=\"Divers\/Andere\" required ><label class=\"everest-forms-field-label-inline\" for=\"evf-362-field_6jnCs9d4c3-3_3\">Divers\/Andere<\/label><\/li><\/ul><\/div><div id=\"evf-362-field_CpFdRYhTQ4-4-container\" class=\"evf-field evf-field-email form-row validate-required validate-email\" data-required-field-message=\"Please enter a valid email address.\" data-field-id=\"CpFdRYhTQ4-4\"><label class=\"evf-field-label\" for=\"evf-362-field_CpFdRYhTQ4-4\"><span class=\"evf-label\">Email<\/span> <abbr class=\"required\" title=\"Required\">*<\/abbr><\/label><input type=\"email\" id=\"evf-362-field_CpFdRYhTQ4-4\" class=\"input-text\" name=\"everest_forms[form_fields][CpFdRYhTQ4-4]\" required ><div class=\"evf-field-description\">Bitte geben Sie Ihre E-Mail Adresse ein<\/div><\/div><div id=\"evf-362-field_PRnwIGVrzM-10-container\" class=\"evf-field evf-field-phone form-row validate-required validate-phone\" data-required-field-message=\"\" data-field-id=\"PRnwIGVrzM-10\"><label class=\"evf-field-label\" for=\"evf-362-field_PRnwIGVrzM-10\"><span class=\"evf-label\">Telefon<\/span> <abbr class=\"required\" title=\"Required\">*<\/abbr><\/label><input type=\"tel\" id=\"evf-362-field_PRnwIGVrzM-10\" class=\"input-text evf-smart-phone-field\" data-rule-smart-phone-field=\"true\" name=\"everest_forms[form_fields][PRnwIGVrzM-10]\" required><div class=\"evf-field-description\">Bitte tragen Sie Ihre Telefonnummer ein, falls wir Sie kontaktieren m\u00fcssen<\/div><\/div><div id=\"evf-362-field_Eh4ZGiHAr0-11-container\" class=\"evf-field evf-field-radio form-row validate-required\" data-required-field-message=\"This field is required.\" data-field-id=\"Eh4ZGiHAr0-11\"><label class=\"evf-field-label\" for=\"evf-362-field_Eh4ZGiHAr0-11\"><span class=\"evf-label\">Versicherungsart<\/span> <abbr class=\"required\" title=\"Required\">*<\/abbr><\/label><ul id=\"evf-362-field_Eh4ZGiHAr0-11\" class=\" evf-field-required\"><li class=\"choice-1 depth-1\"><input type=\"radio\" id=\"evf-362-field_Eh4ZGiHAr0-11_1\" class=\"input-text\" name=\"everest_forms[form_fields][Eh4ZGiHAr0-11]\" value=\"Gesetzlich Krankenversichert\" required ><label class=\"everest-forms-field-label-inline\" for=\"evf-362-field_Eh4ZGiHAr0-11_1\">Gesetzlich Krankenversichert<\/label><\/li><li class=\"choice-2 depth-1\"><input type=\"radio\" id=\"evf-362-field_Eh4ZGiHAr0-11_2\" class=\"input-text\" name=\"everest_forms[form_fields][Eh4ZGiHAr0-11]\" value=\"Privat Krankenversichert\" required ><label class=\"everest-forms-field-label-inline\" for=\"evf-362-field_Eh4ZGiHAr0-11_2\">Privat Krankenversichert<\/label><\/li><li class=\"choice-6 depth-1\"><input type=\"radio\" id=\"evf-362-field_Eh4ZGiHAr0-11_6\" class=\"input-text\" name=\"everest_forms[form_fields][Eh4ZGiHAr0-11]\" value=\"Post-B\" required ><label class=\"everest-forms-field-label-inline\" for=\"evf-362-field_Eh4ZGiHAr0-11_6\">Post-B<\/label><\/li><li class=\"choice-4 depth-1\"><input type=\"radio\" id=\"evf-362-field_Eh4ZGiHAr0-11_4\" class=\"input-text\" name=\"everest_forms[form_fields][Eh4ZGiHAr0-11]\" value=\"KVB I-III\" required ><label class=\"everest-forms-field-label-inline\" for=\"evf-362-field_Eh4ZGiHAr0-11_4\">KVB I-III<\/label><\/li><li class=\"choice-5 depth-1\"><input type=\"radio\" id=\"evf-362-field_Eh4ZGiHAr0-11_5\" class=\"input-text\" name=\"everest_forms[form_fields][Eh4ZGiHAr0-11]\" value=\"KVB IV\" required ><label class=\"everest-forms-field-label-inline\" for=\"evf-362-field_Eh4ZGiHAr0-11_5\">KVB IV<\/label><\/li><\/ul><\/div><div id=\"evf-362-field_dVXZsSUKPY-5-container\" class=\"evf-field evf-field-select form-row\" data-field-id=\"dVXZsSUKPY-5\"><label class=\"evf-field-label\" for=\"evf-362-field_dVXZsSUKPY-5\"><span class=\"evf-label\">Welches Anliegen haben Sie?<\/span> <\/label><select id=\"evf-362-field_dVXZsSUKPY-5\" class=\"input-text\" name=\"everest_forms[form_fields][dVXZsSUKPY-5]\" ><option value=\"Terminanfrage\" >Terminanfrage<\/option><option value=\"Sonstiges Anliegen\" >Sonstiges Anliegen<\/option><\/select><div class=\"evf-field-description\">W\u00e4hlen Sie bitte das gew\u00fcnschte Thema aus<\/div><\/div><\/div><\/div><div class=\"evf-frontend-row\" data-row=\"row_3\" conditional_rules=\"[]\"><div class=\"evf-frontend-grid evf-grid-1\" data-grid=\"grid_1\"><div id=\"evf-362-field_6hRHC3lzht-9-container\" class=\"evf-field evf-field-textarea form-row\" data-field-id=\"6hRHC3lzht-9\"><label class=\"evf-field-label\" for=\"evf-362-field_6hRHC3lzht-9\"><span class=\"evf-label\">Bitte tragen Sie nachstehend Ihr Anliegen ein:<\/span> <\/label><textarea id=\"evf-362-field_6hRHC3lzht-9\" class=\"input-text\" name=\"everest_forms[form_fields][6hRHC3lzht-9]\" placeholder=\"Beschreiben Sie hier bitte Ihr Anliegen\"  ><\/textarea><\/div><\/div><\/div><\/div><div class=\"evf-honeypot-container evf-field-hp\"><label for=\"evf-362-field-hp\" class=\"evf-field-label\">Message<\/label><input type=\"text\" name=\"everest_forms[hp]\" id=\"evf-362-field-hp\" class=\"input-text\"><\/div><div class=\"evf-submit-container \" ><input type=\"hidden\" name=\"everest_forms[id]\" value=\"362\"><input type=\"hidden\" name=\"everest_forms[author]\" value=\"2\"><button type='submit' name='everest_forms[submit]' class='everest-forms-submit-button button evf-submit ' id='evf-submit-362' value='evf-submit' data-process-text=\"Wird gesendet....\" conditional_rules='&quot;&quot;' conditional_id='evf-submit-362'  id=\"evf-submit-362\" aria-live=\"assertive\">Absenden<\/button><\/div><\/form><\/div><!-- .evf-container --><\/div>\n","protected":false},"excerpt":{"rendered":"<p>Hier finden Sie unsere Praxis: Hebbelstr. 2, 3. OG, 66538 Neunkirchen (Im Geb\u00e4ude mit der Pasteur Apotheke im Erdgeschoss) Google Maps: Praxis Kathrin Haas Telefon: 06821 26616 Telefax: 06821 26600 E-Mail: info@praxis-kathrinhaas.de Datenschutzhinweis: Mit dem bet\u00e4tigen des Absenden-Buttons werden die eingegebenen Daten an unseren E-Mail Account \u00fcbermittelt und in unserem Backoffice verarbeitet. Eine \u00dcbermittelung an [&hellip;]<\/p>\n","protected":false},"author":2,"featured_media":0,"parent":0,"menu_order":0,"comment_status":"closed","ping_status":"closed","template":"","meta":{"footnotes":""},"class_list":["post-367","page","type-page","status-publish","hentry"],"jetpack_sharing_enabled":true,"_links":{"self":[{"href":"https:\/\/praxis-kathrinhaas.de\/index.php\/wp-json\/wp\/v2\/pages\/367","targetHints":{"allow":["GET"]}}],"collection":[{"href":"https:\/\/praxis-kathrinhaas.de\/index.php\/wp-json\/wp\/v2\/pages"}],"about":[{"href":"https:\/\/praxis-kathrinhaas.de\/index.php\/wp-json\/wp\/v2\/types\/page"}],"author":[{"embeddable":true,"href":"https:\/\/praxis-kathrinhaas.de\/index.php\/wp-json\/wp\/v2\/users\/2"}],"replies":[{"embeddable":true,"href":"https:\/\/praxis-kathrinhaas.de\/index.php\/wp-json\/wp\/v2\/comments?post=367"}],"version-history":[{"count":6,"href":"https:\/\/praxis-kathrinhaas.de\/index.php\/wp-json\/wp\/v2\/pages\/367\/revisions"}],"predecessor-version":[{"id":424,"href":"https:\/\/praxis-kathrinhaas.de\/index.php\/wp-json\/wp\/v2\/pages\/367\/revisions\/424"}],"wp:attachment":[{"href":"https:\/\/praxis-kathrinhaas.de\/index.php\/wp-json\/wp\/v2\/media?parent=367"}],"curies":[{"name":"wp","href":"https:\/\/api.w.org\/{rel}","templated":true}]}}